{"id":300,"date":"2017-10-25T20:07:09","date_gmt":"2017-10-25T20:07:09","guid":{"rendered":"https:\/\/projetxox.ca\/accueil\/"},"modified":"2021-09-16T15:03:49","modified_gmt":"2021-09-16T19:03:49","slug":"the-xox-project","status":"publish","type":"page","link":"https:\/\/projetxox.ca\/en\/","title":{"rendered":"The XOX project"},"content":{"rendered":"<p>[et_pb_section fb_built=&#8221;1&#8243; _builder_version=&#8221;3.0.84&#8243; background_image=&#8221;https:\/\/projetxox.ca\/wp-content\/uploads\/2017\/10\/LogoProjet.jpg&#8221; parallax=&#8221;on&#8221; parallax_method=&#8221;off&#8221; custom_padding=&#8221;100px||100px|&#8221;][et_pb_row use_custom_gutter=&#8221;on&#8221; gutter_width=&#8221;1&#8243; make_equal=&#8221;on&#8221; background_color=&#8221;rgba(255,255,255,0.8)&#8221; padding_left_1=&#8221;2.5%&#8221; custom_css_main_1=&#8221;display: flex;||justify-center: center;&#8221; module_class=&#8221;et_smooth_scroll_disabled&#8221; _builder_version=&#8221;3.0.84&#8243;][et_pb_column type=&#8221;1_4&#8243; _builder_version=&#8221;3.0.47&#8243; padding_left=&#8221;2.5%&#8221; parallax=&#8221;off&#8221; parallax_method=&#8221;on&#8221; custom_css_main=&#8221;display: flex;||justify-center: center;&#8221;][et_pb_image src=&#8221;https:\/\/projetxox.ca\/wp-content\/uploads\/2017\/10\/LogoProjetXOX.png&#8221; align=&#8221;center&#8221; _builder_version=&#8221;3.0.84&#8243; custom_margin=&#8221;auto|auto|auto|auto&#8221;][\/et_pb_image][\/et_pb_column][et_pb_column type=&#8221;3_4&#8243; _builder_version=&#8221;3.0.47&#8243; parallax=&#8221;off&#8221; parallax_method=&#8221;on&#8221;][et_pb_text _builder_version=&#8221;3.0.84&#8243; text_font_size=&#8221;20px&#8221; text_line_height=&#8221;1.4em&#8221; header_font_size=&#8221;90px&#8221; header_font_size_tablet=&#8221;60px&#8221; header_font_size_phone=&#8221;40px&#8221; header_font_size_last_edited=&#8221;on|phone&#8221; max_width=&#8221;965px&#8221; custom_padding=&#8221;40px|40px|40px|40px&#8221; custom_padding_tablet=&#8221;30px|30px|30px|30px&#8221; custom_padding_phone=&#8221;10px|15px|10px|15px&#8221; custom_padding_last_edited=&#8221;on|phone&#8221;]<\/p>\n<h1>Project XOX<\/h1>\n<p><strong>Project XOX<\/strong> allows immersion of the participants through an <strong>interactive virtual experience<\/strong>. Different video clips will be presented in order to demonstrate the escalation of violence in a romantic relationship. Teenagers will have to make choices and answer questions using a tablet.<\/p>\n<p>[\/et_pb_text][et_pb_button button_url=&#8221;#CONTACT-US&#8221; button_text=&#8221;CONTACT US&#8221; _builder_version=&#8221;3.0.84&#8243; custom_margin=&#8221;||15px|40px&#8221; custom_css_main_element=&#8221;background-color: #1daed6 !important;||border: none;||color:#fff;&#8221;][\/et_pb_button][\/et_pb_column][\/et_pb_row][\/et_pb_section][et_pb_section fb_built=&#8221;1&#8243; _builder_version=&#8221;3.0.84&#8243;][et_pb_row custom_padding=&#8221;29px|0px|0px|0px&#8221; _builder_version=&#8221;3.0.47&#8243; background_size=&#8221;initial&#8221; background_position=&#8221;top_left&#8221; background_repeat=&#8221;repeat&#8221;][et_pb_column type=&#8221;4_4&#8243; _builder_version=&#8221;3.0.47&#8243; parallax=&#8221;off&#8221; parallax_method=&#8221;on&#8221;][et_pb_text disabled_on=&#8221;on|on|on&#8221; admin_label=&#8221;Comment&#8221; _builder_version=&#8221;3.0.84&#8243; text_font_size=&#8221;18px&#8221; text_font_size_phone=&#8221;16px&#8221; text_font_size_last_edited=&#8221;on|phone&#8221; header_3_font=&#8221;|||on|||||&#8221; header_3_font_size=&#8221;30px&#8221; header_3_letter_spacing=&#8221;1px&#8221; header_3_line_height=&#8221;1.2em&#8221; disabled=&#8221;on&#8221;]<\/p>\n<h3>Comment<\/h3>\n<p>Le projet XOX permet l\u2019immersion des participant(e)s \u00e0 l\u2019aide d\u2019une exp\u00e9rience virtuelle interactive. Diff\u00e9rentes s\u00e9quences vid\u00e9o sont pr\u00e9sent\u00e9es afin de d\u00e9montrer l\u2019escalade de la violence dans une relation amoureuse. L\u2019adolescent(e) doit faire des choix et r\u00e9pondre \u00e0 des questions \u00e0 l\u2019aide d\u2019une tablette \u00e9lectronique.<\/p>\n<p>[\/et_pb_text][et_pb_text admin_label=&#8221;Objectif&#8221; _builder_version=&#8221;3.0.84&#8243; text_font_size=&#8221;18px&#8221; text_font_size_phone=&#8221;16px&#8221; text_font_size_last_edited=&#8221;on|phone&#8221; header_3_font=&#8221;|||on|||||&#8221; header_3_font_size=&#8221;30px&#8221; header_3_letter_spacing=&#8221;1px&#8221; header_3_line_height=&#8221;1.2em&#8221;]<\/p>\n<h3>Goals<\/h3>\n<p><strong>The goals of Project XOX are to educate, better equip, and to prevent violence in a romantic relationship.<\/strong> By this it implies to:<\/p>\n<ul style=\"margin-top: 10px;\">\n<li>Explain the different forms of violence including the distribution of intimate images.<\/li>\n<li>Inform teenagers about the consequences of violence among victims and aggressors.<\/li>\n<li>Explain the procedure of a criminal investigation and the ensuing legal process.<\/li>\n<li>Present the cycle of violence in dating relationships.<\/li>\n<li>Inform teenagers on the existing aid resources.<\/li>\n<\/ul>\n<p>[\/et_pb_text][\/et_pb_column][\/et_pb_row][\/et_pb_section][et_pb_section fb_built=&#8221;1&#8243; background_color=&#8221;#eeeeee&#8221; _builder_version=&#8221;3.0.84&#8243; custom_padding=&#8221;0px|0px|13px|0px&#8221;][et_pb_row _builder_version=&#8221;3.0.47&#8243; background_size=&#8221;initial&#8221; background_position=&#8221;top_left&#8221; background_repeat=&#8221;repeat&#8221;][et_pb_column type=&#8221;4_4&#8243; _builder_version=&#8221;3.0.47&#8243; parallax=&#8221;off&#8221; parallax_method=&#8221;on&#8221;][et_pb_text _builder_version=&#8221;3.0.84&#8243; text_font_size=&#8221;18px&#8221; text_font_size_phone=&#8221;16px&#8221; text_font_size_last_edited=&#8221;on|phone&#8221; header_3_font=&#8221;|||on|||||&#8221; header_3_font_size=&#8221;30px&#8221; header_3_letter_spacing=&#8221;1px&#8221; header_3_line_height=&#8221;1.2em&#8221;]<\/p>\n<h3 style=\"text-align: center;\">A Partnership<\/h3>\n<p style=\"text-align: center;\">The result of the work carried by the Project XOX was made possible due to the collaboration of several partners specialized and devoted to the well-being of the youth. The project was thus conceived from a collaboration between <strong>the 2nd stage women\u2019s shelter L\u2019\u00c9gide, R\u00e9gie intermunicipale de police Roussillon, Ch\u00e2teauguay Police Department and The Mont\u00e9r\u00e9gie Crime Victims Asssistance Centre (CAVAC).<\/strong><\/p>\n<p>[\/et_pb_text][\/et_pb_column][\/et_pb_row][\/et_pb_section][et_pb_section fb_built=&#8221;1&#8243; background_color=&#8221;#0c71c3&#8243; _builder_version=&#8221;3.0.84&#8243; background_image=&#8221;https:\/\/projetxox.ca\/wp-content\/uploads\/2017\/10\/bg-pattern.png&#8221; parallax=&#8221;on&#8221; custom_padding=&#8221;0px|0px|3px|0px&#8221; custom_css_before=&#8221;display:none;&#8221; custom_css_main_element=&#8221;display:none;&#8221; custom_css_after=&#8221;display:none;&#8221;][et_pb_row _builder_version=&#8221;3.0.47&#8243; background_size=&#8221;initial&#8221; background_position=&#8221;top_left&#8221; background_repeat=&#8221;repeat&#8221;][et_pb_column type=&#8221;4_4&#8243; _builder_version=&#8221;3.0.47&#8243; parallax=&#8221;off&#8221; parallax_method=&#8221;on&#8221;][et_pb_text background_layout=&#8221;dark&#8221; _builder_version=&#8221;3.0.84&#8243; text_font_size=&#8221;30px&#8221; text_font_size_phone=&#8221;25px&#8221; text_font_size_last_edited=&#8221;on|phone&#8221; text_line_height=&#8221;1.5em&#8221; link_font=&#8221;|600|||on||||&#8221; link_text_color=&#8221;#ffffff&#8221;]<\/p>\n<p style=\"text-align: center;display:none;\"><strong>For reservation, please contact us at<\/strong><br \/>\n<a href=\"mailto:projetxox@gmail.com\">projetxox@gmail.com<\/a><br \/>\n<span style=\"font-size: smaller;\"><strong><em>* French version is also available<\/em><\/strong><\/span><\/p>\n<p>[\/et_pb_text][\/et_pb_column][\/et_pb_row][\/et_pb_section][et_pb_section fb_built=&#8221;1&#8243; module_class=&#8221;section-partenaire&#8221; _builder_version=&#8221;3.0.84&#8243;][et_pb_row _builder_version=&#8221;3.0.47&#8243; background_size=&#8221;initial&#8221; background_position=&#8221;top_left&#8221; background_repeat=&#8221;repeat&#8221;][et_pb_column type=&#8221;4_4&#8243; _builder_version=&#8221;3.0.47&#8243; parallax=&#8221;off&#8221; parallax_method=&#8221;on&#8221;][et_pb_text _builder_version=&#8221;3.0.84&#8243; header_3_font=&#8221;|600||on|||||&#8221; header_3_font_size=&#8221;30px&#8221;]<\/p>\n<h3 style=\"text-align: center;\">Our partners<\/h3>\n<p>[\/et_pb_text][\/et_pb_column][\/et_pb_row][et_pb_row _builder_version=&#8221;3.0.84&#8243;][et_pb_column type=&#8221;1_4&#8243; _builder_version=&#8221;3.0.84&#8243; parallax=&#8221;off&#8221; parallax_method=&#8221;on&#8221;][et_pb_image src=&#8221;https:\/\/projetxox.ca\/wp-content\/uploads\/2017\/10\/Logo-Eugide.png&#8221; url=&#8221;http:\/\/www.alliance2e.org\/public\/legide.html&#8221; url_new_window=&#8221;on&#8221; _builder_version=&#8221;3.0.84&#8243;][\/et_pb_image][\/et_pb_column][et_pb_column type=&#8221;1_4&#8243; _builder_version=&#8221;3.0.84&#8243; parallax=&#8221;off&#8221; parallax_method=&#8221;on&#8221;][et_pb_image src=&#8221;https:\/\/projetxox.ca\/wp-content\/uploads\/2017\/10\/Logo-Police-Roussillon.png&#8221; url=&#8221;http:\/\/www.policeroussillon.ca\/&#8221; url_new_window=&#8221;on&#8221; _builder_version=&#8221;3.0.84&#8243; custom_margin=&#8221;|20px||&#8221;][\/et_pb_image][\/et_pb_column][et_pb_column type=&#8221;1_4&#8243; _builder_version=&#8221;3.0.84&#8243; parallax=&#8221;off&#8221; parallax_method=&#8221;on&#8221;][et_pb_image src=&#8221;https:\/\/projetxox.ca\/wp-content\/uploads\/2017\/10\/Logo-Police-Chateauguay.png&#8221; url=&#8221;http:\/\/www.ville.chateauguay.qc.ca\/en\/police&#8221; url_new_window=&#8221;on&#8221; _builder_version=&#8221;3.0.84&#8243; custom_margin=&#8221;|||20px&#8221; custom_padding=&#8221;|||&#8221;][\/et_pb_image][\/et_pb_column][et_pb_column type=&#8221;1_4&#8243; _builder_version=&#8221;3.0.84&#8243; parallax=&#8221;off&#8221; parallax_method=&#8221;on&#8221;][et_pb_image src=&#8221;https:\/\/projetxox.ca\/wp-content\/uploads\/2017\/10\/Logo-CAVAC.jpg&#8221; url=&#8221;http:\/\/www.cavac.qc.ca\/&#8221; url_new_window=&#8221;on&#8221; _builder_version=&#8221;3.0.84&#8243;][\/et_pb_image][\/et_pb_column][\/et_pb_row][et_pb_row make_equal=&#8221;on&#8221; _builder_version=&#8221;3.0.84&#8243; module_alignment=&#8221;center&#8221;][et_pb_column type=&#8221;1_3&#8243; _builder_version=&#8221;3.0.47&#8243; parallax=&#8221;off&#8221; parallax_method=&#8221;on&#8221;][et_pb_image src=&#8221;https:\/\/projetxox.ca\/wp-content\/uploads\/2017\/10\/Logo-MJQ.png&#8221; url=&#8221;https:\/\/www.justice.gouv.qc.ca\/&#8221; url_new_window=&#8221;on&#8221; _builder_version=&#8221;3.0.84&#8243;][\/et_pb_image][\/et_pb_column][et_pb_column type=&#8221;1_3&#8243; _builder_version=&#8221;3.0.47&#8243; parallax=&#8221;off&#8221; parallax_method=&#8221;on&#8221;][et_pb_image src=&#8221;https:\/\/projetxox.ca\/wp-content\/uploads\/2017\/10\/Logo-Gouvernement-Quebec.png&#8221; url=&#8221;http:\/\/www.gouv.qc.ca\/FR\/Pages\/Accueil.aspx&#8221; url_new_window=&#8221;on&#8221; _builder_version=&#8221;3.0.84&#8243;][\/et_pb_image][\/et_pb_column][et_pb_column type=&#8221;1_3&#8243; _builder_version=&#8221;3.0.47&#8243; parallax=&#8221;off&#8221; parallax_method=&#8221;on&#8221;][et_pb_image src=&#8221;https:\/\/projetxox.ca\/wp-content\/uploads\/2021\/06\/imgpsh_fullsize_anim.jpg&#8221; url=&#8221;http:\/\/www.gouv.qc.ca\/FR\/Pages\/Accueil.aspx&#8221; url_new_window=&#8221;on&#8221; _builder_version=&#8221;3.0.84&#8243;][\/et_pb_image][\/et_pb_column][\/et_pb_row][\/et_pb_section][et_pb_section fb_built=&#8221;1&#8243; module_id=&#8221;CONTACT-US&#8221; _builder_version=&#8221;3.0.84&#8243; custom_css_main_element=&#8221;background-color: #1daed6;&#8221;][et_pb_row _builder_version=&#8221;3.0.84&#8243;][et_pb_column type=&#8221;4_4&#8243; _builder_version=&#8221;3.0.84&#8243; parallax=&#8221;off&#8221; parallax_method=&#8221;on&#8221;][et_pb_text _builder_version=&#8221;3.0.84&#8243; text_font=&#8221;||||||||&#8221; text_font_size=&#8221;30px&#8221; text_text_color=&#8221;#ffffff&#8221; text_line_height=&#8221;1.5em&#8221;]<\/p>\n<p style=\"text-align: center; font-weight: bold;\">CONTACT US<\/p>\n<p>[\/et_pb_text][et_pb_contact_form captcha=&#8221;off&#8221; email=&#8221;projetxox@gmail.com&#8221; custom_message=&#8221;Nom: %%name%%||et_pb_line_break_holder||T\u00e9l\u00e9phone: %%phone%%||et_pb_line_break_holder||Courriel: %%email%%||et_pb_line_break_holder||||et_pb_line_break_holder||Message: ||et_pb_line_break_holder||%%message%%||et_pb_line_break_holder||||et_pb_line_break_holder||&#8211;||et_pb_line_break_holder||This email was sent from contact form on (https:\/\/projetxox.ca\/)||et_pb_line_break_holder||&#8221; submit_button_text=&#8221;SEND&#8221; module_id=&#8221;et_pb_contact_form_0&#8243; _builder_version=&#8221;3.0.84&#8243; form_field_font=&#8221;||||||||&#8221; form_field_text_color=&#8221;#ffffff&#8221; custom_css_main_element=&#8221;max-width:500px;||margin: 0 auto;&#8221; custom_css_contact_button=&#8221;background-color: #fff !important;||float: none !important;||text-align: center !important;||&#8221; custom_css_contact_fields=&#8221;background-color: #1daed6 !important;||border: 1px solid #fff !important;&#8221; custom_css_text_field=&#8221;background-color: #1daed6 !important;||border: 1px solid #fff !important;&#8221;][et_pb_contact_field field_id=&#8221;name&#8221; field_title=&#8221;Name&#8221; fullwidth_field=&#8221;on&#8221; _builder_version=&#8221;3.0.84&#8243;][\/et_pb_contact_field][et_pb_contact_field field_id=&#8221;phone&#8221; field_title=&#8221;Phone&#8221; allowed_symbols=&#8221;numbers&#8221; fullwidth_field=&#8221;on&#8221; _builder_version=&#8221;3.0.84&#8243;][\/et_pb_contact_field][et_pb_contact_field field_id=&#8221;email&#8221; field_title=&#8221;Email&#8221; field_type=&#8221;email&#8221; fullwidth_field=&#8221;on&#8221; _builder_version=&#8221;3.0.84&#8243;][\/et_pb_contact_field][et_pb_contact_field field_id=&#8221;message&#8221; field_title=&#8221;Message&#8221; field_type=&#8221;text&#8221; fullwidth_field=&#8221;on&#8221; _builder_version=&#8221;3.0.84&#8243;][\/et_pb_contact_field][\/et_pb_contact_form][\/et_pb_column][\/et_pb_row][\/et_pb_section]<\/p>\n","protected":false},"excerpt":{"rendered":"<p>[et_pb_section fb_built=&#8221;1&#8243; _builder_version=&#8221;3.0.84&#8243; background_image=&#8221;https:\/\/projetxox.ca\/wp-content\/uploads\/2017\/10\/LogoProjet.jpg&#8221; parallax=&#8221;on&#8221; parallax_method=&#8221;off&#8221; custom_padding=&#8221;100px||100px|&#8221;][et_pb_row use_custom_gutter=&#8221;on&#8221; gutter_width=&#8221;1&#8243; make_equal=&#8221;on&#8221; background_color=&#8221;rgba(255,255,255,0.8)&#8221; padding_left_1=&#8221;2.5%&#8221; custom_css_main_1=&#8221;display: flex;||justify-center: center;&#8221; module_class=&#8221;et_smooth_scroll_disabled&#8221; _builder_version=&#8221;3.0.84&#8243;][et_pb_column type=&#8221;1_4&#8243; _builder_version=&#8221;3.0.47&#8243; padding_left=&#8221;2.5%&#8221; parallax=&#8221;off&#8221; parallax_method=&#8221;on&#8221; custom_css_main=&#8221;display: flex;||justify-center: center;&#8221;][et_pb_image src=&#8221;https:\/\/projetxox.ca\/wp-content\/uploads\/2017\/10\/LogoProjetXOX.png&#8221; align=&#8221;center&#8221; _builder_version=&#8221;3.0.84&#8243; custom_margin=&#8221;auto|auto|auto|auto&#8221;][\/et_pb_image][\/et_pb_column][et_pb_column type=&#8221;3_4&#8243; _builder_version=&#8221;3.0.47&#8243; parallax=&#8221;off&#8221; parallax_method=&#8221;on&#8221;][et_pb_text _builder_version=&#8221;3.0.84&#8243; text_font_size=&#8221;20px&#8221; text_line_height=&#8221;1.4em&#8221; header_font_size=&#8221;90px&#8221; header_font_size_tablet=&#8221;60px&#8221; header_font_size_phone=&#8221;40px&#8221; header_font_size_last_edited=&#8221;on|phone&#8221; max_width=&#8221;965px&#8221; custom_padding=&#8221;40px|40px|40px|40px&#8221; custom_padding_tablet=&#8221;30px|30px|30px|30px&#8221; custom_padding_phone=&#8221;10px|15px|10px|15px&#8221; custom_padding_last_edited=&#8221;on|phone&#8221;] Project XOX Project XOX allows immersion of the participants through [&hellip;]<\/p>\n","protected":false},"author":1,"featured_media":411,"parent":0,"menu_order":0,"comment_status":"closed","ping_status":"closed","template":"","meta":{"footnotes":""},"class_list":["post-300","page","type-page","status-publish","has-post-thumbnail","hentry"],"_links":{"self":[{"href":"https:\/\/projetxox.ca\/en\/wp-json\/wp\/v2\/pages\/300\/"}],"collection":[{"href":"https:\/\/projetxox.ca\/en\/wp-json\/wp\/v2\/pages\/"}],"about":[{"href":"https:\/\/projetxox.ca\/en\/wp-json\/wp\/v2\/types\/page\/"}],"author":[{"embeddable":true,"href":"https:\/\/projetxox.ca\/en\/wp-json\/wp\/v2\/users\/1\/"}],"replies":[{"embeddable":true,"href":"https:\/\/projetxox.ca\/en\/wp-json\/wp\/v2\/comments\/?post=300"}],"version-history":[{"count":19,"href":"https:\/\/projetxox.ca\/en\/wp-json\/wp\/v2\/pages\/300\/revisions\/"}],"predecessor-version":[{"id":626,"href":"https:\/\/projetxox.ca\/en\/wp-json\/wp\/v2\/pages\/300\/revisions\/626\/"}],"wp:featuredmedia":[{"embeddable":true,"href":"https:\/\/projetxox.ca\/en\/wp-json\/wp\/v2\/media\/411\/"}],"wp:attachment":[{"href":"https:\/\/projetxox.ca\/en\/wp-json\/wp\/v2\/media\/?parent=300"}],"curies":[{"name":"wp","href":"https:\/\/api.w.org\/{rel}","templated":true}]}}